{"id":22,"date":"2025-09-10T21:53:42","date_gmt":"2025-09-10T21:53:42","guid":{"rendered":"https:\/\/lightsteelblue-louse-867203.hostingersite.com\/highlights\/"},"modified":"2025-11-23T13:54:38","modified_gmt":"2025-11-23T13:54:38","slug":"highlights","status":"publish","type":"page","link":"https:\/\/raphanelly.com\/pt_br\/highlights\/","title":{"rendered":"Conteudos Novos"},"content":{"rendered":"<div class=\"wp-block-group alignfull hostinger-ai-our-blog-1 hostinger-ai-fade-up has-global-padding is-layout-constrained wp-block-group-is-layout-constrained\" data-aos=\"fade-up\">\n    <div class=\"wp-block-group alignwide hostinger-ai-fade-up has-global-padding is-content-justification-left is-layout-constrained wp-container-core-group-is-layout-12dd3699 wp-block-group-is-layout-constrained\" data-aos=\"fade-up\">\n        <h2 class=\"wp-block-heading is-style-default hostinger-ai-title has-dark-color has-text-color has-link-color has-x-large-font-size wp-elements-68287f81e9bb6e251f101bd412a2e12e\" style=\"margin-bottom:var(--wp--preset--spacing--50)\">Entertainment Insights<\/h2>\n        \n\n        \n        <div data-wp-context=\"{}\" data-wp-interactive=\"core\/query\" data-wp-key=\"24\" data-wp-router-region=\"query-24\" class=\"wp-block-query alignwide is-layout-flow wp-block-query-is-layout-flow\"><ul class=\"columns-2 post-item wp-block-post-template is-layout-grid wp-container-core-post-template-is-layout-02493678 wp-block-post-template-is-layout-grid\"><li data-wp-key=\"post-template-item-16\" class=\"wp-block-post post-16 post type-post status-publish format-standard has-post-thumbnail hentry category-uncategorized\">\n            <figure class=\"wp-block-post-featured-image\"><a href=\"https:\/\/raphanelly.com\/pt_br\/descubra-o-melhor-do-entretenimento-no-nosso-blog\/\" target=\"_self\"  ><img fetchpriority=\"high\" decoding=\"async\" width=\"530\" height=\"250\" src=\"https:\/\/images.unsplash.com\/photo-1504983875-d3b163aba9e6?q=85&amp;w=530&amp;h=250&amp;fit=crop\" class=\"attachment-blog-thumb size-blog-thumb wp-post-image\" alt=\"Descubra o Melhor do Entretenimento no Nosso Blog\" style=\"border-radius:20px;object-fit:cover;\" \/><\/a><\/figure>\n\n            <h2 style=\"margin-bottom:0;margin-top:var(--wp--preset--spacing--20);\" class=\"wp-block-post-title has-large-font-size\"><a href=\"https:\/\/raphanelly.com\/pt_br\/descubra-o-melhor-do-entretenimento-no-nosso-blog\/\" target=\"_self\" >Descubra o Melhor do Entretenimento no Nosso Blog<\/a><\/h2>\n\n            <div style=\"margin-bottom:0;margin-top:var(--wp--preset--spacing--20);\" class=\"wp-block-post-excerpt\"><p class=\"wp-block-post-excerpt__excerpt\">Bem-vindo ao nosso espa\u00e7o de divers\u00e3o! Se voc\u00ea \u00e9 um amante do entretenimento, chegou ao lugar certo. Neste blog, trazemos&hellip; <\/p><\/div>\n\n            <div style=\"margin-top:var(--wp--preset--spacing--20);\" class=\"wp-block-post-date\"><time datetime=\"2025-09-10T21:53:40+00:00\">9\/10\/2025<\/time><\/div>\n            <\/li><\/ul><\/div>\n        <\/div>\n    <\/div>\n<div class=\"wp-block-group alignfull hostinger-ai-gallery-4 hostinger-ai-fade-up is-layout-flow wp-block-group-is-layout-flow\" data-aos=\"fade-up\">\n<div class=\"wp-block-group alignwide hostinger-ai-fade-up has-global-padding is-layout-constrained wp-block-group-is-layout-constrained\" data-aos=\"fade-up\" style=\"padding-top:var(--wp--preset--spacing--60);padding-bottom:var(--wp--preset--spacing--60)\">\n<h2 class=\"wp-block-heading has-text-align-center hostinger-ai-title has-dark-color has-text-color has-link-color has-x-large-font-size wp-elements-458c0d9a285a10852ee7f8c9fc668f5f\" style=\"margin-top:0;margin-right:0;margin-bottom:var(--wp--preset--spacing--20);margin-left:0\">Entertainment Hub<\/h2>\n\n\n\n<p class=\"has-text-align-center hostinger-ai-description has-dark-color has-text-color has-link-color has-medium-font-size wp-elements-ccf7371aff1aee74ee49834d86c55ef8\" style=\"margin-top:0;margin-bottom:0\">Discover the latest in movies, music, and pop culture with us!<\/p>\n<\/div>\n\n\n\n<div class=\"wp-block-group hostinger-ai-fade-up has-global-padding is-layout-constrained wp-block-group-is-layout-constrained\" data-aos=\"fade-up\" style=\"margin-top:var(--wp--preset--spacing--60);margin-bottom:var(--wp--preset--spacing--60)\">\n<div class=\"wp-block-columns alignwide is-layout-flex wp-container-core-columns-is-layout-28f84493 wp-block-columns-is-layout-flex\">\n<div class=\"wp-block-column is-layout-flow wp-block-column-is-layout-flow\">\n<figure class=\"wp-block-image size-full has-custom-border hostinger-ai-image hostinger-index-16\"><img decoding=\"async\" src=\"https:\/\/images.unsplash.com\/photo-1702308898087-e1f2951c37dc?q=85&amp;w=543&amp;h=453&amp;fit=crop\" alt=\"A person with curly hair wears 3D glasses and a yellow cap sitting in a theater seat, holding a large tub of popcorn. Dressed in casual denim and a white T-shirt, one leg is propped up on another seat, revealing bright pink shoes. The setting is dimly lit, suggesting a cinema environment.\" class=\"wp-image-1191\" style=\"border-radius:16px\"><\/figure>\n<\/div>\n\n\n\n<div class=\"wp-block-column is-layout-flow wp-block-column-is-layout-flow\">\n<figure class=\"wp-block-image size-full has-custom-border hostinger-ai-image hostinger-index-17\"><img decoding=\"async\" src=\"https:\/\/images.unsplash.com\/photo-1676941701414-5445e0ff1674?q=85&amp;w=543&amp;h=453&amp;fit=crop\" alt=\"A classic cinema marquee sign illuminated against the night sky. The upper section features the text 'Gateway Twin Cinema' bordered with chasing lights, while the lower section lists movie titles such as 'Antman' and '80 for Brady', both rated PG13.\" class=\"wp-image-1191\" style=\"border-radius:16px\"><\/figure>\n<\/div>\n<\/div>\n\n\n\n<div class=\"wp-block-columns alignwide is-layout-flex wp-container-core-columns-is-layout-28f84493 wp-block-columns-is-layout-flex\">\n<div class=\"wp-block-column is-layout-flow wp-block-column-is-layout-flow\">\n<figure class=\"wp-block-image size-full has-custom-border hostinger-ai-image hostinger-index-18\"><img decoding=\"async\" src=\"https:\/\/images.unsplash.com\/photo-1545930255-f35811476a96?q=85&amp;w=543&amp;h=453&amp;fit=crop\" alt=\"A pile of popcorn spilled out from a red and white striped container, with several DVD cases laying nearby on a wooden surface.\" class=\"wp-image-1191\" style=\"border-radius:16px\"><\/figure>\n<\/div>\n\n\n\n<div class=\"wp-block-column is-layout-flow wp-block-column-is-layout-flow\">\n<figure class=\"wp-block-image size-full has-custom-border hostinger-ai-image hostinger-index-19\"><img decoding=\"async\" src=\"https:\/\/images.unsplash.com\/photo-1595617564647-2562faab5fb7?q=85&amp;w=543&amp;h=453&amp;fit=crop\" alt=\"People are gathered outside of a movie theater called 'Movie Starr Cine-Plex'. The theater has a marquee with large yellow and red letters and is decorated with star-shaped lights. The surrounding area appears lively with a colorful red awning and other storefronts visible.\" class=\"wp-image-1191\" style=\"border-radius:16px\"><\/figure>\n<\/div>\n<\/div>\n\n\n\n<div class=\"wp-block-columns alignwide is-layout-flex wp-container-core-columns-is-layout-28f84493 wp-block-columns-is-layout-flex\">\n<div class=\"wp-block-column is-layout-flow wp-block-column-is-layout-flow\">\n<figure class=\"wp-block-image size-full has-custom-border hostinger-ai-image hostinger-index-20\"><img decoding=\"async\" src=\"https:\/\/images.unsplash.com\/photo-1702308855126-3caf9bc2a13c?q=85&amp;w=543&amp;h=453&amp;fit=crop\" alt=\"A person wearing 3D glasses and a casual outfit holds a large bucket of popcorn in a dimly lit movie theater. The seat upholstery is blue, and there are red lighting effects creating a vivid atmosphere. The individual is wearing a cap and has curly hair.\" class=\"wp-image-1191\" style=\"border-radius:16px\"><\/figure>\n<\/div>\n\n\n\n<div class=\"wp-block-column is-layout-flow wp-block-column-is-layout-flow\">\n<figure class=\"wp-block-image size-full has-custom-border hostinger-ai-image hostinger-index-21\"><img decoding=\"async\" src=\"https:\/\/images.unsplash.com\/photo-1702308719585-c23a691d0de5?q=85&amp;w=543&amp;h=453&amp;fit=crop\" alt=\"A person is reclining in a dimly lit theater seat, casually dressed in a denim jacket and 3D glasses, with feet up on another chair. They are holding a bucket of popcorn and appear to be enjoying themselves, with a playful expression.\" class=\"wp-image-1191\" style=\"border-radius:16px\"><\/figure>\n<\/div>\n<\/div>\n<\/div>\n<\/div>\n","protected":false},"excerpt":{"rendered":"<p>Entertainment Insights Entertainment Hub Discover the latest in movies, music, and pop culture with us!<\/p>\n","protected":false},"author":1,"featured_media":0,"parent":0,"menu_order":0,"comment_status":"closed","ping_status":"closed","template":"","meta":{"_joinchat":[],"footnotes":""},"class_list":["post-22","page","type-page","status-publish","hentry"],"aioseo_notices":[],"_hostinger_reach_plugin_has_subscription_block":false,"_hostinger_reach_plugin_is_elementor":false,"_links":{"self":[{"href":"https:\/\/raphanelly.com\/pt_br\/wp-json\/wp\/v2\/pages\/22","targetHints":{"allow":["GET"]}}],"collection":[{"href":"https:\/\/raphanelly.com\/pt_br\/wp-json\/wp\/v2\/pages"}],"about":[{"href":"https:\/\/raphanelly.com\/pt_br\/wp-json\/wp\/v2\/types\/page"}],"author":[{"embeddable":true,"href":"https:\/\/raphanelly.com\/pt_br\/wp-json\/wp\/v2\/users\/1"}],"replies":[{"embeddable":true,"href":"https:\/\/raphanelly.com\/pt_br\/wp-json\/wp\/v2\/comments?post=22"}],"version-history":[{"count":1,"href":"https:\/\/raphanelly.com\/pt_br\/wp-json\/wp\/v2\/pages\/22\/revisions"}],"predecessor-version":[{"id":38,"href":"https:\/\/raphanelly.com\/pt_br\/wp-json\/wp\/v2\/pages\/22\/revisions\/38"}],"wp:attachment":[{"href":"https:\/\/raphanelly.com\/pt_br\/wp-json\/wp\/v2\/media?parent=22"}],"curies":[{"name":"wp","href":"https:\/\/api.w.org\/{rel}","templated":true}]}}