{"id":21,"date":"2025-09-10T21:53:42","date_gmt":"2025-09-10T21:53:42","guid":{"rendered":"https:\/\/lightsteelblue-louse-867203.hostingersite.com\/blog\/"},"modified":"2025-11-23T13:44:16","modified_gmt":"2025-11-23T13:44:16","slug":"blog","status":"publish","type":"page","link":"https:\/\/raphanelly.com\/pt_br\/blog\/","title":{"rendered":"Games"},"content":{"rendered":"\n<div class=\"wp-block-group alignfull hostinger-ai-our-blog-1 hostinger-ai-fade-up has-global-padding is-layout-constrained wp-block-group-is-layout-constrained\" data-aos=\"fade-up\">\n<div class=\"wp-block-group alignwide hostinger-ai-fade-up has-global-padding is-content-justification-left is-layout-constrained wp-container-core-group-is-layout-12dd3699 wp-block-group-is-layout-constrained\" data-aos=\"fade-up\">\n<h2 class=\"wp-block-heading is-style-default hostinger-ai-title has-dark-color has-text-color has-link-color has-x-large-font-size wp-elements-6dc36ba8e5a98aec56c306ec9e88c319\" style=\"margin-bottom:var(--wp--preset--spacing--50)\">Entretenimentos<\/h2>\n\n\n\n<div data-wp-context=\"{}\" data-wp-interactive=\"core\/query\" data-wp-key=\"24\" data-wp-router-region=\"query-24\" class=\"wp-block-query alignwide is-layout-flow wp-block-query-is-layout-flow\"><ul class=\"columns-2 post-item wp-block-post-template is-layout-grid wp-container-core-post-template-is-layout-02493678 wp-block-post-template-is-layout-grid\"><li data-wp-key=\"post-template-item-16\" class=\"wp-block-post post-16 post type-post status-publish format-standard has-post-thumbnail hentry category-uncategorized\">\n<figure class=\"wp-block-post-featured-image\"><a href=\"https:\/\/raphanelly.com\/pt_br\/descubra-o-melhor-do-entretenimento-no-nosso-blog\/\" target=\"_self\"  ><img fetchpriority=\"high\" decoding=\"async\" width=\"530\" height=\"250\" src=\"https:\/\/images.unsplash.com\/photo-1504983875-d3b163aba9e6?q=85&amp;w=530&amp;h=250&amp;fit=crop\" class=\"attachment-blog-thumb size-blog-thumb wp-post-image\" alt=\"Descubra o Melhor do Entretenimento no Nosso Blog\" style=\"border-radius:20px;object-fit:cover;\" \/><\/a><\/figure>\n\n<h2 style=\"margin-bottom:0;margin-top:var(--wp--preset--spacing--20);\" class=\"wp-block-post-title has-large-font-size\"><a href=\"https:\/\/raphanelly.com\/pt_br\/descubra-o-melhor-do-entretenimento-no-nosso-blog\/\" target=\"_self\" >Descubra o Melhor do Entretenimento no Nosso Blog<\/a><\/h2>\n\n<div style=\"margin-bottom:0;margin-top:var(--wp--preset--spacing--20);\" class=\"wp-block-post-excerpt\"><p class=\"wp-block-post-excerpt__excerpt\">Bem-vindo ao nosso espa\u00e7o de divers\u00e3o! Se voc\u00ea \u00e9 um amante do entretenimento, chegou ao lugar certo. Neste blog, trazemos&hellip; <\/p><\/div>\n\n<div style=\"margin-top:var(--wp--preset--spacing--20);\" class=\"wp-block-post-date\"><time datetime=\"2025-09-10T21:53:40+00:00\">9\/10\/2025<\/time><\/div>\n<\/li><\/ul><\/div>\n<\/div>\n<\/div>\n\n\n\n<div class=\"wp-block-group alignfull hostinger-ai-gallery-5 hostinger-ai-fade-up is-layout-flow wp-block-group-is-layout-flow\" data-aos=\"fade-up\">\n<div class=\"wp-block-group alignwide hostinger-ai-fade-up has-global-padding is-layout-constrained wp-block-group-is-layout-constrained\" data-aos=\"fade-up\" style=\"padding-top:var(--wp--preset--spacing--60);padding-bottom:var(--wp--preset--spacing--60)\">\n<h2 class=\"wp-block-heading has-text-align-center hostinger-ai-title has-dark-color has-text-color has-link-color has-x-large-font-size wp-elements-57a66e902c5006ec4724b8205520b07b\" style=\"margin-top:0;margin-right:0;margin-bottom:var(--wp--preset--spacing--20);margin-left:0\">Nossa Galeria de Entretenimento<\/h2>\n\n\n\n<p class=\"has-text-align-center hostinger-ai-description has-dark-color has-text-color has-link-color has-medium-font-size wp-elements-7e7d02360e364ab714cae0012dc6a217\" style=\"margin-top:0;margin-bottom:0\">Explore nossa galeria de showcasing das ultimas Lives.<\/p>\n<\/div>\n\n\n\n<div class=\"wp-block-group hostinger-ai-fade-up has-global-padding is-layout-constrained wp-block-group-is-layout-constrained\" data-aos=\"fade-up\" style=\"margin-top:0;margin-bottom:var(--wp--preset--spacing--60)\">\n<div class=\"wp-block-columns alignwide is-layout-flex wp-container-core-columns-is-layout-28f84493 wp-block-columns-is-layout-flex\">\n<div class=\"wp-block-column is-layout-flow wp-block-column-is-layout-flow\" style=\"flex-basis:20%\">\n<div class=\"wp-block-group is-vertical is-layout-flex wp-container-core-group-is-layout-fe9cc265 wp-block-group-is-layout-flex\">\n<figure class=\"wp-block-image size-full has-custom-border hostinger-ai-image hostinger-index-22\"><img decoding=\"async\" src=\"https:\/\/images.unsplash.com\/photo-1589831057259-416c45af79c3?q=85&amp;w=214&amp;h=320&amp;fit=crop\" alt=\"A retro-styled theater with a prominent Hollywood sign is flanked by tall palm trees. The facade features art deco architectural elements and a notable marquee displaying movie showtimes. Street lamps with orb lights line the entrance, creating a classic cinematic atmosphere.\" class=\"wp-image-1212\" style=\"border-radius:16px;object-fit:cover\"\/><\/figure>\n\n\n\n<figure class=\"wp-block-image size-full has-custom-border hostinger-ai-image hostinger-index-23\"><img decoding=\"async\" src=\"https:\/\/images.unsplash.com\/photo-1698002478007-ccef4f73afbb?q=85&amp;w=214&amp;h=320&amp;fit=crop\" alt=\"A decorative wall depicts a whimsical design featuring a large striped popcorn bucket overflowing with popcorn, alongside a tall ice cream cone. A cup with a logo and surrounding text is part of the composition. A retro cinema sign with lights displays several words.\" class=\"wp-image-1212\" style=\"border-radius:16px\"\/><\/figure>\n<\/div>\n<\/div>\n\n\n\n<div class=\"wp-block-column is-layout-flow wp-block-column-is-layout-flow\" style=\"flex-basis:60%\">\n<figure class=\"wp-block-image size-full has-custom-border hostinger-ai-image hostinger-index-24\"><img decoding=\"async\" src=\"https:\/\/images.unsplash.com\/photo-1702308758920-a3bb07aba593?q=85&amp;w=642&amp;h=657&amp;fit=crop\" alt=\"A person wearing 3D glasses and a denim vest holds a large tub of popcorn in a dimly lit cinema. The individual is also wearing a watch and a cap turned backward, exuding a casual and relaxed vibe. The seats around them are empty, and there is a slight red and blue lighting effect.\" class=\"wp-image-1222\" style=\"border-radius:16px\"\/><\/figure>\n<\/div>\n\n\n\n<div class=\"wp-block-column is-layout-flow wp-block-column-is-layout-flow\" style=\"flex-basis:20%\">\n<div class=\"wp-block-group is-vertical is-layout-flex wp-container-core-group-is-layout-fe9cc265 wp-block-group-is-layout-flex\">\n<figure class=\"wp-block-image size-full has-custom-border hostinger-ai-image hostinger-index-25\"><img decoding=\"async\" src=\"https:\/\/images.unsplash.com\/photo-1577065626262-4d1aad034781?q=85&amp;w=214&amp;h=320&amp;fit=crop\" alt=\"A neon sign with the words 'NOW SHOWING' is prominently displayed above a digital board listing movie showtimes. The board features movies such as Star Wars, Bombshell, and Jumanji 3, along with their respective times. The overall setting suggests a movie theater lobby with ambient neon lighting.\" class=\"wp-image-1212\" style=\"border-radius:16px\"\/><\/figure>\n\n\n\n<figure class=\"wp-block-image size-full has-custom-border hostinger-ai-image hostinger-index-26\"><img decoding=\"async\" src=\"https:\/\/images.unsplash.com\/photo-1655820375433-71771efc9f2a?q=85&amp;w=214&amp;h=320&amp;fit=crop\" alt=\"A modern cinema lobby with a sleek design featuring red walls and illuminated ceilings. People are seated on gray couches along the left side, engaging in conversations or using their phones. Posters line the walls, and the floor is polished black with reflective surfaces. Towards the back, there is a counter with a 'VIP Cashier' sign, and a few people are waiting in line.\" class=\"wp-image-1212\" style=\"border-radius:16px\"\/><\/figure>\n<\/div>\n<\/div>\n<\/div>\n<\/div>\n<\/div>\n\n\n\n<div class=\"wp-block-group alignfull hostinger-ai-customer-reviews-5 hostinger-ai-fade-up has-color-1-background-color has-background has-global-padding is-layout-constrained wp-block-group-is-layout-constrained\" data-aos=\"fade-up\">\n<div class=\"wp-block-group alignwide hostinger-ai-fade-up is-vertical is-content-justification-center is-nowrap is-layout-flex wp-container-core-group-is-layout-95764c33 wp-block-group-is-layout-flex\" data-aos=\"fade-up\" style=\"min-height:400px;padding-top:var(--wp--preset--spacing--40);padding-bottom:var(--wp--preset--spacing--40)\">\n<div class=\"wp-block-group hostinger-ai-fade-up wp-container-content-69bc4bdf is-layout-flow wp-container-core-group-is-layout-d6743c7d wp-block-group-is-layout-flow\" data-aos=\"fade-up\">\n<p class=\"has-text-align-center hostinger-ai-subtitle has-dark-color has-text-color has-link-color has-medium-font-size wp-elements-bd087cb77d7675ff9af2c0346aa7c41c\" style=\"margin-top:0;margin-bottom:var(--wp--preset--spacing--20)\">Customer Feedback<\/p>\n\n\n\n<p class=\"has-text-align-center hostinger-ai-testimonial-text hostinger-ai-font-bold hostinger-index-2 has-dark-color has-text-color has-link-color wp-elements-e90c8a5d2fbf830a3688aff4499a2708\" style=\"margin-top:0;margin-bottom:var(--wp--preset--spacing--50);font-size:clamp(20px, 1.25rem + ((1vw - 3.2px) * 1.538), 32px);\">\u201dI love Raphanelly Entretenimento! Their blog is my go-to for the latest in movies, music, and pop culture. Always fun and engaging!\u201d<\/p>\n<\/div>\n<\/div>\n<\/div>\n\n\n\n<p><\/p>\n","protected":false},"excerpt":{"rendered":"<p>Entretenimentos Nossa Galeria de Entretenimento Explore nossa galeria de showcasing das ultimas Lives. Customer Feedback \u201dI love Raphanelly Entretenimento! Their blog is my go-to for the latest in movies, music, and pop culture. Always fun and engaging!\u201d<\/p>\n","protected":false},"author":1,"featured_media":0,"parent":0,"menu_order":0,"comment_status":"closed","ping_status":"closed","template":"","meta":{"_joinchat":[],"footnotes":""},"class_list":["post-21","page","type-page","status-publish","hentry"],"aioseo_notices":[],"_hostinger_reach_plugin_has_subscription_block":false,"_hostinger_reach_plugin_is_elementor":false,"_links":{"self":[{"href":"https:\/\/raphanelly.com\/pt_br\/wp-json\/wp\/v2\/pages\/21","targetHints":{"allow":["GET"]}}],"collection":[{"href":"https:\/\/raphanelly.com\/pt_br\/wp-json\/wp\/v2\/pages"}],"about":[{"href":"https:\/\/raphanelly.com\/pt_br\/wp-json\/wp\/v2\/types\/page"}],"author":[{"embeddable":true,"href":"https:\/\/raphanelly.com\/pt_br\/wp-json\/wp\/v2\/users\/1"}],"replies":[{"embeddable":true,"href":"https:\/\/raphanelly.com\/pt_br\/wp-json\/wp\/v2\/comments?post=21"}],"version-history":[{"count":1,"href":"https:\/\/raphanelly.com\/pt_br\/wp-json\/wp\/v2\/pages\/21\/revisions"}],"predecessor-version":[{"id":37,"href":"https:\/\/raphanelly.com\/pt_br\/wp-json\/wp\/v2\/pages\/21\/revisions\/37"}],"wp:attachment":[{"href":"https:\/\/raphanelly.com\/pt_br\/wp-json\/wp\/v2\/media?parent=21"}],"curies":[{"name":"wp","href":"https:\/\/api.w.org\/{rel}","templated":true}]}}