{"id":20,"date":"2025-09-10T21:53:42","date_gmt":"2025-09-10T21:53:42","guid":{"rendered":"https:\/\/lightsteelblue-louse-867203.hostingersite.com\/home\/"},"modified":"2025-11-23T13:38:48","modified_gmt":"2025-11-23T13:38:48","slug":"home","status":"publish","type":"page","link":"https:\/\/raphanelly.com\/en\/","title":{"rendered":"Home"},"content":{"rendered":"<div class=\"wp-block-group alignfull hostinger-ai-fade-up has-color-2-background-color has-background has-global-padding is-layout-constrained wp-block-group-is-layout-constrained\" data-aos=\"fade-up\">\n<div class=\"wp-block-group alignwide hostinger-ai-fade-up is-layout-flow wp-block-group-is-layout-flow\" data-aos=\"fade-up\" style=\"padding-top:var(--wp--preset--spacing--60);padding-bottom:var(--wp--preset--spacing--60)\">\n<h1 class=\"wp-block-heading has-text-align-center hostinger-ai-title has-light-color has-text-color has-link-color has-xx-large-font-size wp-elements-6efd851975ebdb09ed4f0d7d8ea908df\" style=\"margin-top:0;margin-right:0;margin-bottom:0;margin-left:0\">Entretenimento com Jogos<\/h1>\n\n\n\n<p class=\"has-text-align-center hostinger-ai-description has-light-color has-text-color has-link-color has-medium-font-size wp-elements-5541aa44c4372c8bc78d3020745b72f0\" style=\"margin-top:0;margin-bottom:var(--wp--preset--spacing--50)\">Participe das nossas Lives e se divirta com a gente Ao vivo<\/p>\n\n\n\n<div class=\"wp-block-buttons is-content-justification-center is-layout-flex wp-container-core-buttons-is-layout-78108f9f wp-block-buttons-is-layout-flex\" style=\"margin-bottom:var(--wp--preset--spacing--60)\">\n<div class=\"wp-block-button hostinger-ai-cta-button hostinger-index-0\"><a class=\"wp-block-button__link has-dark-color has-color-1-background-color has-text-color has-background has-link-color has-medium-font-size has-custom-font-size wp-element-button\" href=\"https:\/\/raphanelly.com\/en\/descubra-o-melhor-do-entretenimento-no-nosso-blog\/\" style=\"border-style:none;border-width:0px;border-radius:50px;padding-top:var(--wp--preset--spacing--30);padding-right:var(--wp--preset--spacing--70);padding-bottom:var(--wp--preset--spacing--30);padding-left:var(--wp--preset--spacing--70);box-shadow:none\">Join Us<\/a><\/div>\n<\/div>\n\n\n\n<figure class=\"wp-block-image size-full has-custom-border hostinger-ai-image hostinger-index-1\"><img decoding=\"async\" src=\"https:\/\/images.unsplash.com\/photo-1691814994093-bdba60cba4cc?q=85&amp;w=1100&amp;h=450&amp;fit=crop\" alt=\"A vintage-style theater with an art deco marquee displaying movie titles. Neon lights outline the structure, creating a retro style. The marquee lists films including Barbie, Oppenheimer, and Mission Impossible. Bicycles are parked at the front, suggesting an urban setting.\" class=\"wp-image-424\" style=\"border-radius:20px\"\/><\/figure>\n<\/div>\n<\/div>\n\n\n\n<div class=\"wp-block-group alignfull hostinger-ai-about-us-2 hostinger-ai-fade-up has-global-padding is-layout-constrained wp-block-group-is-layout-constrained\" data-aos=\"fade-up\">\n<div class=\"wp-block-group alignwide hostinger-ai-fade-up is-layout-grid wp-container-core-group-is-layout-422a8eaf wp-block-group-is-layout-grid\" data-aos=\"fade-up\" style=\"padding-top:var(--wp--preset--spacing--60);padding-right:0;padding-bottom:var(--wp--preset--spacing--60);padding-left:0\">\n<div class=\"wp-block-group hostinger-ai-fade-up has-global-padding is-layout-constrained wp-block-group-is-layout-constrained\" data-aos=\"fade-up\">\n<figure class=\"wp-block-image size-full has-custom-border hostinger-ai-image hostinger-index-1\"><img decoding=\"async\" src=\"https:\/\/images.unsplash.com\/photo-1657491638414-483332264ed6?q=85&amp;w=584&amp;h=438&amp;fit=crop\" alt=\"A laptop screen displays a web page featuring a mix of movie and TV show covers, highlighting popular titles and a Hulu and Disney+ bundle promotion. There are visible icons and images of films and shows alongside promotional text offering entertainment and live sports.\" class=\"wp-image-18\" style=\"border-radius:20px\"\/><\/figure>\n<\/div>\n\n\n\n<div class=\"wp-block-group hostinger-ai-fade-up wp-container-content-5e2576f9 is-vertical is-content-justification-left is-nowrap is-layout-flex wp-container-core-group-is-layout-cb02dbd6 wp-block-group-is-layout-flex\" data-aos=\"fade-up\" style=\"padding-right:var(--wp--preset--spacing--60);padding-left:var(--wp--preset--spacing--60)\">\n<h2 class=\"wp-block-heading hostinger-ai-title has-dark-color has-text-color has-link-color has-x-large-font-size wp-elements-8a67c4560b1d5df270b0014da9d07137\" style=\"margin-top:0;margin-right:0;margin-bottom:0;margin-left:0;padding-bottom:var(--wp--preset--spacing--20)\">Seja Bem Vindo ao Raphanelly<\/h2>\n\n\n\n<p class=\"hostinger-ai-description has-dark-color has-text-color has-link-color has-medium-font-size wp-elements-d53a57c05a828b30d2d22e7041f4f370\" style=\"margin-top:0;margin-bottom:var(--wp--preset--spacing--50)\">At Raphanelly Entretenimento, explore the latest in movies, music, and pop culture. Join us for a fun and relaxing escape into entertainment!<\/p>\n\n\n\n<div class=\"wp-block-buttons is-layout-flex wp-block-buttons-is-layout-flex\">\n<div class=\"wp-block-button hostinger-ai-cta-button hostinger-index-0\"><a class=\"wp-block-button__link has-dark-color has-text-color has-link-color has-border-color has-medium-font-size has-custom-font-size wp-element-button\" href=\"https:\/\/raphanelly.com\/en\/descubra-o-melhor-do-entretenimento-no-nosso-blog\/\" style=\"border-color:#0d141a;border-width:1px;border-radius:50px;padding-top:var(--wp--preset--spacing--30);padding-right:var(--wp--preset--spacing--70);padding-bottom:var(--wp--preset--spacing--30);padding-left:var(--wp--preset--spacing--70);box-shadow:none\">Join Us<\/a><\/div>\n<\/div>\n<\/div>\n<\/div>\n<\/div>\n\n\n\n<div class=\"wp-block-group alignfull hostinger-ai-our-blog-1 hostinger-ai-fade-up has-global-padding is-layout-constrained wp-block-group-is-layout-constrained\" data-aos=\"fade-up\">\n<div class=\"wp-block-group alignwide hostinger-ai-fade-up has-global-padding is-content-justification-left is-layout-constrained wp-container-core-group-is-layout-12dd3699 wp-block-group-is-layout-constrained\" data-aos=\"fade-up\">\n<h2 class=\"wp-block-heading is-style-default hostinger-ai-title has-dark-color has-text-color has-link-color has-x-large-font-size wp-elements-6d640c00ea8157a1763a29a4ef1db771\" style=\"margin-bottom:var(--wp--preset--spacing--50)\">Entertainment Insights<\/h2>\n\n\n\n<div data-wp-context=\"{}\" data-wp-interactive=\"core\/query\" data-wp-key=\"24\" data-wp-router-region=\"query-24\" class=\"wp-block-query alignwide is-layout-flow wp-block-query-is-layout-flow\"><ul class=\"columns-2 post-item wp-block-post-template is-layout-grid wp-container-core-post-template-is-layout-02493678 wp-block-post-template-is-layout-grid\"><li data-wp-key=\"post-template-item-16\" class=\"wp-block-post post-16 post type-post status-publish format-standard has-post-thumbnail hentry category-uncategorized\">\n<figure class=\"wp-block-post-featured-image\"><a href=\"https:\/\/raphanelly.com\/en\/descubra-o-melhor-do-entretenimento-no-nosso-blog\/\" target=\"_self\"  ><img fetchpriority=\"high\" decoding=\"async\" width=\"530\" height=\"250\" src=\"https:\/\/images.unsplash.com\/photo-1504983875-d3b163aba9e6?q=85&amp;w=530&amp;h=250&amp;fit=crop\" class=\"attachment-blog-thumb size-blog-thumb wp-post-image\" alt=\"Descubra o Melhor do Entretenimento no Nosso Blog\" style=\"border-radius:20px;object-fit:cover;\" \/><\/a><\/figure>\n\n<h2 style=\"margin-bottom:0;margin-top:var(--wp--preset--spacing--20);\" class=\"wp-block-post-title has-large-font-size\"><a href=\"https:\/\/raphanelly.com\/en\/descubra-o-melhor-do-entretenimento-no-nosso-blog\/\" target=\"_self\" >Descubra o Melhor do Entretenimento no Nosso Blog<\/a><\/h2>\n\n<div style=\"margin-bottom:0;margin-top:var(--wp--preset--spacing--20);\" class=\"wp-block-post-excerpt\"><p class=\"wp-block-post-excerpt__excerpt\">Bem-vindo ao nosso espa\u00e7o de divers\u00e3o! Se voc\u00ea \u00e9 um amante do entretenimento, chegou ao lugar certo. Neste blog, trazemos&hellip; <\/p><\/div>\n\n<div style=\"margin-top:var(--wp--preset--spacing--20);\" class=\"wp-block-post-date\"><time datetime=\"2025-09-10T21:53:40+00:00\">9\/10\/2025<\/time><\/div>\n<\/li><\/ul><\/div>\n<\/div>\n<\/div>\n\n\n\n<div class=\"wp-block-group alignfull hostinger-ai-solid-block hostinger-ai-fade-up has-color-1-background-color has-background has-global-padding is-layout-constrained wp-block-group-is-layout-constrained\" data-aos=\"fade-up\" style=\"padding-top:var(--wp--preset--spacing--60);padding-bottom:var(--wp--preset--spacing--60)\">\n<div class=\"wp-block-group alignwide hostinger-ai-fade-up is-vertical is-content-justification-center is-nowrap is-layout-flex wp-container-core-group-is-layout-4cc6ee0a wp-block-group-is-layout-flex\" data-aos=\"fade-up\" style=\"min-height:0px;padding-top:0;padding-bottom:0\">\n<div class=\"wp-block-group hostinger-ai-fade-up wp-container-content-69bc4bdf has-global-padding is-content-justification-center is-layout-constrained wp-container-core-group-is-layout-78267832 wp-block-group-is-layout-constrained\" data-aos=\"fade-up\">\n<h2 class=\"wp-block-heading has-text-align-center hostinger-ai-title has-dark-color has-text-color has-link-color has-x-large-font-size wp-elements-5202dd8071108d2681a104f3662acd30\" style=\"margin-top:0;margin-right:0;margin-bottom:0;margin-left:0\">Sobre N\u00f3s<\/h2>\n\n\n\n<p class=\"has-text-align-center hostinger-ai-description has-dark-color has-text-color has-link-color has-medium-font-size wp-elements-a0da60c4dbb17119f9aa4a68bedc3955\" style=\"margin-top:var(--wp--preset--spacing--20);margin-bottom:var(--wp--preset--spacing--50)\">Seja Bem vindo! Ao teu espa\u00e7o de entretenimento de Jogos, Filmes, Series, Musicas e Cultura Pop. Bora nos divertir juntos!<\/p>\n\n\n\n<div class=\"wp-block-buttons is-content-justification-center is-layout-flex wp-container-core-buttons-is-layout-a89b3969 wp-block-buttons-is-layout-flex\">\n<div class=\"wp-block-button hostinger-ai-cta-button\"><a class=\"wp-block-button__link has-dark-color has-contrast-background-color has-text-color has-background has-link-color has-border-color has-medium-font-size has-custom-font-size wp-element-button\" href=\"https:\/\/raphanelly.com\/en\/descubra-o-mundo-do-entretenimento-filmes-series-e-muito-mais\/\" style=\"border-color:#0d141a;border-width:1px;border-radius:50px;padding-top:var(--wp--preset--spacing--30);padding-right:var(--wp--preset--spacing--70);padding-bottom:var(--wp--preset--spacing--30);padding-left:var(--wp--preset--spacing--70);box-shadow:none\">Explore<\/a><\/div>\n<\/div>\n<\/div>\n<\/div>\n<\/div>\n\n\n\n<div class=\"wp-block-group has-global-padding is-layout-constrained wp-block-group-is-layout-constrained\">\n<div class=\"wp-block-columns is-layout-flex wp-container-core-columns-is-layout-28f84493 wp-block-columns-is-layout-flex\">\n<div class=\"wp-block-column is-layout-flow wp-block-column-is-layout-flow\" style=\"flex-basis:100%\">\n<details class=\"wp-block-details is-layout-flow wp-block-details-is-layout-flow\"><summary>entretenimento<\/summary><\/details>\n<\/div>\n<\/div>\n<\/div>","protected":false},"excerpt":{"rendered":"<p>Entretenimento com Jogos Participe das nossas Lives e se divirta com a gente Ao vivo Seja Bem Vindo ao Raphanelly At Raphanelly Entretenimento, explore the latest in movies, music, and pop culture. Join us for a fun and relaxing escape into entertainment! Entertainment Insights Sobre N\u00f3s Seja Bem vindo! Ao teu espa\u00e7o de entretenimento de [&hellip;]<\/p>","protected":false},"author":1,"featured_media":0,"parent":0,"menu_order":0,"comment_status":"closed","ping_status":"closed","template":"","meta":{"_joinchat":[],"footnotes":""},"class_list":["post-20","page","type-page","status-publish","hentry"],"aioseo_notices":[],"_hostinger_reach_plugin_has_subscription_block":false,"_hostinger_reach_plugin_is_elementor":false,"_links":{"self":[{"href":"https:\/\/raphanelly.com\/en\/wp-json\/wp\/v2\/pages\/20","targetHints":{"allow":["GET"]}}],"collection":[{"href":"https:\/\/raphanelly.com\/en\/wp-json\/wp\/v2\/pages"}],"about":[{"href":"https:\/\/raphanelly.com\/en\/wp-json\/wp\/v2\/types\/page"}],"author":[{"embeddable":true,"href":"https:\/\/raphanelly.com\/en\/wp-json\/wp\/v2\/users\/1"}],"replies":[{"embeddable":true,"href":"https:\/\/raphanelly.com\/en\/wp-json\/wp\/v2\/comments?post=20"}],"version-history":[{"count":2,"href":"https:\/\/raphanelly.com\/en\/wp-json\/wp\/v2\/pages\/20\/revisions"}],"predecessor-version":[{"id":35,"href":"https:\/\/raphanelly.com\/en\/wp-json\/wp\/v2\/pages\/20\/revisions\/35"}],"wp:attachment":[{"href":"https:\/\/raphanelly.com\/en\/wp-json\/wp\/v2\/media?parent=20"}],"curies":[{"name":"wp","href":"https:\/\/api.w.org\/{rel}","templated":true}]}}